{"id":1705,"date":"2026-02-19T11:57:34","date_gmt":"2026-02-19T10:57:34","guid":{"rendered":"https:\/\/plein-jour.eu\/wordpress\/?page_id=1705"},"modified":"2026-02-19T12:13:40","modified_gmt":"2026-02-19T11:13:40","slug":"panier-simple","status":"publish","type":"page","link":"https:\/\/plein-jour.eu\/wordpress\/panier-simple\/","title":{"rendered":"Panier simple"},"content":{"rendered":"<!-- Added by Post\/Page Specific Custom Code plugin, thank you for using! -->\n<style>aside#secondary {display: none;}\r\n@media (min-width: 768px){#primary {width: 100%;}}<\/style>\n<figure id=\"attachment_1691\" aria-describedby=\"caption-attachment-1691\" style=\"width: 900px\" class=\"wp-caption aligncenter\"><a href=\"https:\/\/plein-jour.eu\/wordpress\/wp-content\/uploads\/2022\/03\/adhesion-plein-jour-2026.jpg\" data-rel=\"lightbox-gallery-qLImQ8cM\" data-rl_title=\"\" data-rl_caption=\"\" title=\"\"><img loading=\"lazy\" decoding=\"async\" class=\"wp-image-1691 size-full\" src=\"https:\/\/plein-jour.eu\/wordpress\/wp-content\/uploads\/2022\/03\/adhesion-plein-jour-2026.jpg\" alt=\"adhesion-plein-jour\" width=\"900\" height=\"634\" srcset=\"https:\/\/plein-jour.eu\/wordpress\/wp-content\/uploads\/2022\/03\/adhesion-plein-jour-2026.jpg 900w, https:\/\/plein-jour.eu\/wordpress\/wp-content\/uploads\/2022\/03\/adhesion-plein-jour-2026-300x211.jpg 300w, https:\/\/plein-jour.eu\/wordpress\/wp-content\/uploads\/2022\/03\/adhesion-plein-jour-2026-768x541.jpg 768w, https:\/\/plein-jour.eu\/wordpress\/wp-content\/uploads\/2022\/03\/adhesion-plein-jour-2026-120x85.jpg 120w, https:\/\/plein-jour.eu\/wordpress\/wp-content\/uploads\/2022\/03\/adhesion-plein-jour-2026-600x423.jpg 600w\" sizes=\"auto, (max-width: 900px) 100vw, 900px\" \/><\/a><figcaption id=\"caption-attachment-1691\" class=\"wp-caption-text\">adhesion-plein-jour<\/figcaption><\/figure>\n<p style=\"text-align: center;\">Contactez Martine par mail \u00e0\u00a0<a href=\"mailto:martine.pleinjour@orange.fr\" target=\"_blank\" rel=\"noopener\">martine.pleinjour@orange.fr<\/a> ou par t\u00e9l\u00e9phone 06 84 59 06 01.<\/p>","protected":false},"excerpt":{"rendered":"<p>Contactez Martine par mail \u00e0\u00a0martine.pleinjour@orange.fr ou par t\u00e9l\u00e9phone 06 84 &hellip; <\/p>","protected":false},"author":1,"featured_media":0,"parent":0,"menu_order":0,"comment_status":"closed","ping_status":"closed","template":"","meta":{"footnotes":""},"class_list":["post-1705","page","type-page","status-publish","hentry"],"yoast_head":"<!-- This site is optimized with the Yoast SEO plugin v27.3 - https:\/\/yoast.com\/product\/yoast-seo-wordpress\/ -->\n<title>Panier simple - PLEIN JOUR - Libres d&#039;aimer<\/title>\n<meta name=\"description\" content=\"Nous vous remer\u00e7ions de votre adh\u00e9sion \u00e0 l&#039;association Plein ciel. Vos aides nous sont d&#039;une aide pr\u00e9cieuse.\" \/>\n<meta name=\"robots\" content=\"index, follow, max-snippet:-1, max-image-preview:large, max-video-preview:-1\" \/>\n<link rel=\"canonical\" href=\"https:\/\/plein-jour.eu\/wordpress\/panier-simple\/\" \/>\n<meta property=\"og:locale\" content=\"fr_FR\" \/>\n<meta property=\"og:type\" content=\"article\" \/>\n<meta property=\"og:title\" content=\"Panier simple - PLEIN JOUR - Libres d&#039;aimer\" \/>\n<meta property=\"og:description\" content=\"Nous vous remer\u00e7ions de votre adh\u00e9sion \u00e0 l&#039;association Plein ciel. Vos aides nous sont d&#039;une aide pr\u00e9cieuse.\" \/>\n<meta property=\"og:url\" content=\"https:\/\/plein-jour.eu\/wordpress\/panier-simple\/\" \/>\n<meta property=\"og:site_name\" content=\"PLEIN JOUR - Libres d&#039;aimer\" \/>\n<meta property=\"article:modified_time\" content=\"2026-02-19T11:13:40+00:00\" \/>\n<meta property=\"og:image\" content=\"https:\/\/plein-jour.eu\/wordpress\/wp-content\/uploads\/2022\/03\/adhesion-plein-jour-2026.jpg\" \/>\n\t<meta property=\"og:image:width\" content=\"900\" \/>\n\t<meta property=\"og:image:height\" content=\"634\" \/>\n\t<meta property=\"og:image:type\" content=\"image\/jpeg\" \/>\n<meta name=\"twitter:card\" content=\"summary_large_image\" \/>\n<meta name=\"twitter:label1\" content=\"Dur\u00e9e de lecture estim\u00e9e\" \/>\n\t<meta name=\"twitter:data1\" content=\"1 minute\" \/>\n<script type=\"application\/ld+json\" class=\"yoast-schema-graph\">{\"@context\":\"https:\\\/\\\/schema.org\",\"@graph\":[{\"@type\":\"WebPage\",\"@id\":\"https:\\\/\\\/plein-jour.eu\\\/wordpress\\\/panier-simple\\\/\",\"url\":\"https:\\\/\\\/plein-jour.eu\\\/wordpress\\\/panier-simple\\\/\",\"name\":\"Panier simple - PLEIN JOUR - Libres d&#039;aimer\",\"isPartOf\":{\"@id\":\"https:\\\/\\\/plein-jour.eu\\\/wordpress\\\/#website\"},\"primaryImageOfPage\":{\"@id\":\"https:\\\/\\\/plein-jour.eu\\\/wordpress\\\/panier-simple\\\/#primaryimage\"},\"image\":{\"@id\":\"https:\\\/\\\/plein-jour.eu\\\/wordpress\\\/panier-simple\\\/#primaryimage\"},\"thumbnailUrl\":\"https:\\\/\\\/plein-jour.eu\\\/wordpress\\\/wp-content\\\/uploads\\\/2022\\\/03\\\/adhesion-plein-jour-2026.jpg\",\"datePublished\":\"2026-02-19T10:57:34+00:00\",\"dateModified\":\"2026-02-19T11:13:40+00:00\",\"description\":\"Nous vous remer\u00e7ions de votre adh\u00e9sion \u00e0 l'association Plein ciel. Vos aides nous sont d'une aide pr\u00e9cieuse.\",\"breadcrumb\":{\"@id\":\"https:\\\/\\\/plein-jour.eu\\\/wordpress\\\/panier-simple\\\/#breadcrumb\"},\"inLanguage\":\"fr-FR\",\"potentialAction\":[{\"@type\":\"ReadAction\",\"target\":[\"https:\\\/\\\/plein-jour.eu\\\/wordpress\\\/panier-simple\\\/\"]}]},{\"@type\":\"ImageObject\",\"inLanguage\":\"fr-FR\",\"@id\":\"https:\\\/\\\/plein-jour.eu\\\/wordpress\\\/panier-simple\\\/#primaryimage\",\"url\":\"https:\\\/\\\/plein-jour.eu\\\/wordpress\\\/wp-content\\\/uploads\\\/2022\\\/03\\\/adhesion-plein-jour-2026.jpg\",\"contentUrl\":\"https:\\\/\\\/plein-jour.eu\\\/wordpress\\\/wp-content\\\/uploads\\\/2022\\\/03\\\/adhesion-plein-jour-2026.jpg\"},{\"@type\":\"BreadcrumbList\",\"@id\":\"https:\\\/\\\/plein-jour.eu\\\/wordpress\\\/panier-simple\\\/#breadcrumb\",\"itemListElement\":[{\"@type\":\"ListItem\",\"position\":1,\"name\":\"Accueil\",\"item\":\"https:\\\/\\\/plein-jour.eu\\\/wordpress\\\/\"},{\"@type\":\"ListItem\",\"position\":2,\"name\":\"Panier simple\"}]},{\"@type\":\"WebSite\",\"@id\":\"https:\\\/\\\/plein-jour.eu\\\/wordpress\\\/#website\",\"url\":\"https:\\\/\\\/plein-jour.eu\\\/wordpress\\\/\",\"name\":\"Association Plein Jour\",\"description\":\"Association de soutien pour les compagnes de Pr\u00eatres - A votre \u00e9coute au 06 84 59 06 01\",\"publisher\":{\"@id\":\"https:\\\/\\\/plein-jour.eu\\\/wordpress\\\/#organization\"},\"potentialAction\":[{\"@type\":\"SearchAction\",\"target\":{\"@type\":\"EntryPoint\",\"urlTemplate\":\"https:\\\/\\\/plein-jour.eu\\\/wordpress\\\/?s={search_term_string}\"},\"query-input\":{\"@type\":\"PropertyValueSpecification\",\"valueRequired\":true,\"valueName\":\"search_term_string\"}}],\"inLanguage\":\"fr-FR\"},{\"@type\":\"Organization\",\"@id\":\"https:\\\/\\\/plein-jour.eu\\\/wordpress\\\/#organization\",\"name\":\"Plein Jour\",\"url\":\"https:\\\/\\\/plein-jour.eu\\\/wordpress\\\/\",\"logo\":{\"@type\":\"ImageObject\",\"inLanguage\":\"fr-FR\",\"@id\":\"https:\\\/\\\/plein-jour.eu\\\/wordpress\\\/#\\\/schema\\\/logo\\\/image\\\/\",\"url\":\"https:\\\/\\\/plein-jour.eu\\\/wordpress\\\/wp-content\\\/uploads\\\/2020\\\/10\\\/Logo-coq-Plein-Jour-e1603696172827.png\",\"contentUrl\":\"https:\\\/\\\/plein-jour.eu\\\/wordpress\\\/wp-content\\\/uploads\\\/2020\\\/10\\\/Logo-coq-Plein-Jour-e1603696172827.png\",\"width\":500,\"height\":374,\"caption\":\"Plein Jour\"},\"image\":{\"@id\":\"https:\\\/\\\/plein-jour.eu\\\/wordpress\\\/#\\\/schema\\\/logo\\\/image\\\/\"}}]}<\/script>\n<!-- \/ Yoast SEO plugin. -->","yoast_head_json":{"title":"Panier simple - PLEIN JOUR - Libres d&#039;aimer","description":"Nous vous remer\u00e7ions de votre adh\u00e9sion \u00e0 l'association Plein ciel. Vos aides nous sont d'une aide pr\u00e9cieuse.","robots":{"index":"index","follow":"follow","max-snippet":"max-snippet:-1","max-image-preview":"max-image-preview:large","max-video-preview":"max-video-preview:-1"},"canonical":"https:\/\/plein-jour.eu\/wordpress\/panier-simple\/","og_locale":"fr_FR","og_type":"article","og_title":"Panier simple - PLEIN JOUR - Libres d&#039;aimer","og_description":"Nous vous remer\u00e7ions de votre adh\u00e9sion \u00e0 l'association Plein ciel. Vos aides nous sont d'une aide pr\u00e9cieuse.","og_url":"https:\/\/plein-jour.eu\/wordpress\/panier-simple\/","og_site_name":"PLEIN JOUR - Libres d&#039;aimer","article_modified_time":"2026-02-19T11:13:40+00:00","og_image":[{"width":900,"height":634,"url":"https:\/\/plein-jour.eu\/wordpress\/wp-content\/uploads\/2022\/03\/adhesion-plein-jour-2026.jpg","type":"image\/jpeg"}],"twitter_card":"summary_large_image","twitter_misc":{"Dur\u00e9e de lecture estim\u00e9e":"1 minute"},"schema":{"@context":"https:\/\/schema.org","@graph":[{"@type":"WebPage","@id":"https:\/\/plein-jour.eu\/wordpress\/panier-simple\/","url":"https:\/\/plein-jour.eu\/wordpress\/panier-simple\/","name":"Panier simple - PLEIN JOUR - Libres d&#039;aimer","isPartOf":{"@id":"https:\/\/plein-jour.eu\/wordpress\/#website"},"primaryImageOfPage":{"@id":"https:\/\/plein-jour.eu\/wordpress\/panier-simple\/#primaryimage"},"image":{"@id":"https:\/\/plein-jour.eu\/wordpress\/panier-simple\/#primaryimage"},"thumbnailUrl":"https:\/\/plein-jour.eu\/wordpress\/wp-content\/uploads\/2022\/03\/adhesion-plein-jour-2026.jpg","datePublished":"2026-02-19T10:57:34+00:00","dateModified":"2026-02-19T11:13:40+00:00","description":"Nous vous remer\u00e7ions de votre adh\u00e9sion \u00e0 l'association Plein ciel. Vos aides nous sont d'une aide pr\u00e9cieuse.","breadcrumb":{"@id":"https:\/\/plein-jour.eu\/wordpress\/panier-simple\/#breadcrumb"},"inLanguage":"fr-FR","potentialAction":[{"@type":"ReadAction","target":["https:\/\/plein-jour.eu\/wordpress\/panier-simple\/"]}]},{"@type":"ImageObject","inLanguage":"fr-FR","@id":"https:\/\/plein-jour.eu\/wordpress\/panier-simple\/#primaryimage","url":"https:\/\/plein-jour.eu\/wordpress\/wp-content\/uploads\/2022\/03\/adhesion-plein-jour-2026.jpg","contentUrl":"https:\/\/plein-jour.eu\/wordpress\/wp-content\/uploads\/2022\/03\/adhesion-plein-jour-2026.jpg"},{"@type":"BreadcrumbList","@id":"https:\/\/plein-jour.eu\/wordpress\/panier-simple\/#breadcrumb","itemListElement":[{"@type":"ListItem","position":1,"name":"Accueil","item":"https:\/\/plein-jour.eu\/wordpress\/"},{"@type":"ListItem","position":2,"name":"Panier simple"}]},{"@type":"WebSite","@id":"https:\/\/plein-jour.eu\/wordpress\/#website","url":"https:\/\/plein-jour.eu\/wordpress\/","name":"Association Plein Jour","description":"Association de soutien pour les compagnes de Pr\u00eatres - A votre \u00e9coute au 06 84 59 06 01","publisher":{"@id":"https:\/\/plein-jour.eu\/wordpress\/#organization"},"potentialAction":[{"@type":"SearchAction","target":{"@type":"EntryPoint","urlTemplate":"https:\/\/plein-jour.eu\/wordpress\/?s={search_term_string}"},"query-input":{"@type":"PropertyValueSpecification","valueRequired":true,"valueName":"search_term_string"}}],"inLanguage":"fr-FR"},{"@type":"Organization","@id":"https:\/\/plein-jour.eu\/wordpress\/#organization","name":"Plein Jour","url":"https:\/\/plein-jour.eu\/wordpress\/","logo":{"@type":"ImageObject","inLanguage":"fr-FR","@id":"https:\/\/plein-jour.eu\/wordpress\/#\/schema\/logo\/image\/","url":"https:\/\/plein-jour.eu\/wordpress\/wp-content\/uploads\/2020\/10\/Logo-coq-Plein-Jour-e1603696172827.png","contentUrl":"https:\/\/plein-jour.eu\/wordpress\/wp-content\/uploads\/2020\/10\/Logo-coq-Plein-Jour-e1603696172827.png","width":500,"height":374,"caption":"Plein Jour"},"image":{"@id":"https:\/\/plein-jour.eu\/wordpress\/#\/schema\/logo\/image\/"}}]}},"jetpack_sharing_enabled":true,"_links":{"self":[{"href":"https:\/\/plein-jour.eu\/wordpress\/wp-json\/wp\/v2\/pages\/1705","targetHints":{"allow":["GET"]}}],"collection":[{"href":"https:\/\/plein-jour.eu\/wordpress\/wp-json\/wp\/v2\/pages"}],"about":[{"href":"https:\/\/plein-jour.eu\/wordpress\/wp-json\/wp\/v2\/types\/page"}],"author":[{"embeddable":true,"href":"https:\/\/plein-jour.eu\/wordpress\/wp-json\/wp\/v2\/users\/1"}],"replies":[{"embeddable":true,"href":"https:\/\/plein-jour.eu\/wordpress\/wp-json\/wp\/v2\/comments?post=1705"}],"version-history":[{"count":0,"href":"https:\/\/plein-jour.eu\/wordpress\/wp-json\/wp\/v2\/pages\/1705\/revisions"}],"wp:attachment":[{"href":"https:\/\/plein-jour.eu\/wordpress\/wp-json\/wp\/v2\/media?parent=1705"}],"curies":[{"name":"wp","href":"https:\/\/api.w.org\/{rel}","templated":true}]}}