{"id":4,"date":"2013-03-05T19:00:44","date_gmt":"2013-03-05T18:00:44","guid":{"rendered":"http:\/\/commandespierre.free.fr\/?page_id=4"},"modified":"2026-02-16T15:51:38","modified_gmt":"2026-02-16T14:51:38","slug":"bienvenue-2","status":"publish","type":"page","link":"https:\/\/plein-jour.eu\/wordpress\/","title":{"rendered":"Bienvenue"},"content":{"rendered":"<!-- Added by Post\/Page Specific Custom Code plugin, thank you for using! -->\n<style>aside#secondary {display: block!important;}\r\n@media (min-width: 768px){#primary {width: 68%!important;}}<\/style>\n<p><strong>Histoire de l&rsquo;association<\/strong><\/p>\n<p>&nbsp;<\/p>\n<p>&nbsp;<\/p>\n<p><strong>\u00ab\u00a0Plein Jour\u00a0\u00bb pour qui&nbsp;? Pour quoi&nbsp;?<br \/>\n<\/strong><\/p>\n<p style=\"text-align: left;\">Plein Jour aide les compagnes de pr\u00eatres et de religieux\u2026 et aussi leurs compagnons sous diff\u00e9rentes formes&nbsp;:<\/p>\n<p>Par l&rsquo;\u00e9coute par t\u00e9l\u00e9phone, par des rencontres visio (COVID).<\/p>\n<p>Plein Jour entend lutter avec d\u2019autres contre cette r\u00e8gle inappropri\u00e9e et dangereuse du c\u00e9libat impos\u00e9e \u00e0 ceux qui veulent servir des communaut\u00e9s chr\u00e9tiennes comme pr\u00eatres dans l\u2019Eglise Catholique Romaine (ECR).<\/p>\n<p>Plein Jour aide aussi des hommes, qui ont \u00e9t\u00e9 priv\u00e9s d&rsquo;une vie de couple toute naturelle, \u00e0 ne plus avoir honte d&rsquo;aimer&nbsp;!<\/p>\n<p><a href=\"https:\/\/plein-jour.eu\/wordpress\/notre-logo\/\"><img loading=\"lazy\" decoding=\"async\" class=\"aligncenter\" src=\"https:\/\/plein-jour.eu\/wordpress\/wp-content\/uploads\/2013\/01\/logo_pleinjour.jpg\" alt=\"\" width=\"150\" height=\"181\" \/><\/a><\/p>\n<p style=\"text-align: center;\">Pour avoir une explication du logo de notre association, cr\u00e9\u00e9 par PIEM, <a href=\"https:\/\/plein-jour.eu\/wordpress\/notre-logo\/\" rel=\"noopener noreferrer\">cliquez ici<\/a>.<\/p>\n<p>&nbsp;<\/p>","protected":false},"excerpt":{"rendered":"<p>Histoire de l&rsquo;association &nbsp; &nbsp; \u00ab\u00a0Plein Jour\u00a0\u00bb pour qui&nbsp;? Pour &hellip; <\/p>","protected":false},"author":1,"featured_media":0,"parent":0,"menu_order":0,"comment_status":"closed","ping_status":"closed","template":"","meta":{"footnotes":""},"class_list":["post-4","page","type-page","status-publish","hentry"],"yoast_head":"<!-- This site is optimized with the Yoast SEO plugin v27.3 - https:\/\/yoast.com\/product\/yoast-seo-wordpress\/ -->\n<title>Association PLEIN JOUR - Libres d&#039;aimer<\/title>\n<meta name=\"description\" content=\"Plein Jour aide les compagnes de pr\u00eatres et de religieux\u2026 et aussi leurs compagnons sous diff\u00e9rentes formes :Par l\u2019\u00e9coute par t\u00e9l\u00e9phone, par des rencontres visio (COVID).\" \/>\n<meta name=\"robots\" content=\"index, follow, max-snippet:-1, max-image-preview:large, max-video-preview:-1\" \/>\n<link rel=\"canonical\" href=\"https:\/\/plein-jour.eu\/wordpress\/\" \/>\n<meta property=\"og:locale\" content=\"fr_FR\" \/>\n<meta property=\"og:type\" content=\"article\" \/>\n<meta property=\"og:title\" content=\"Association PLEIN JOUR - Libres d&#039;aimer\" \/>\n<meta property=\"og:description\" content=\"Plein Jour aide les compagnes de pr\u00eatres et de religieux\u2026 et aussi leurs compagnons sous diff\u00e9rentes formes :Par l\u2019\u00e9coute par t\u00e9l\u00e9phone, par des rencontres visio (COVID).\" \/>\n<meta property=\"og:url\" content=\"https:\/\/plein-jour.eu\/wordpress\/\" \/>\n<meta property=\"og:site_name\" content=\"PLEIN JOUR - Libres d&#039;aimer\" \/>\n<meta property=\"article:modified_time\" content=\"2026-02-16T14:51:38+00:00\" \/>\n<meta property=\"og:image\" content=\"https:\/\/plein-jour.eu\/wordpress\/wp-content\/uploads\/2013\/01\/logo_pleinjour.jpg\" \/>\n<meta name=\"twitter:card\" content=\"summary_large_image\" \/>\n<meta name=\"twitter:label1\" content=\"Dur\u00e9e de lecture estim\u00e9e\" \/>\n\t<meta name=\"twitter:data1\" content=\"1 minute\" \/>\n<script type=\"application\/ld+json\" class=\"yoast-schema-graph\">{\"@context\":\"https:\\\/\\\/schema.org\",\"@graph\":[{\"@type\":\"WebPage\",\"@id\":\"https:\\\/\\\/plein-jour.eu\\\/wordpress\\\/\",\"url\":\"https:\\\/\\\/plein-jour.eu\\\/wordpress\\\/\",\"name\":\"Association PLEIN JOUR - Libres d&#039;aimer\",\"isPartOf\":{\"@id\":\"https:\\\/\\\/plein-jour.eu\\\/wordpress\\\/#website\"},\"primaryImageOfPage\":{\"@id\":\"https:\\\/\\\/plein-jour.eu\\\/wordpress\\\/#primaryimage\"},\"image\":{\"@id\":\"https:\\\/\\\/plein-jour.eu\\\/wordpress\\\/#primaryimage\"},\"thumbnailUrl\":\"https:\\\/\\\/plein-jour.eu\\\/wordpress\\\/wp-content\\\/uploads\\\/2013\\\/01\\\/logo_pleinjour.jpg\",\"datePublished\":\"2013-03-05T18:00:44+00:00\",\"dateModified\":\"2026-02-16T14:51:38+00:00\",\"description\":\"Plein Jour aide les compagnes de pr\u00eatres et de religieux\u2026 et aussi leurs compagnons sous diff\u00e9rentes formes :Par l\u2019\u00e9coute par t\u00e9l\u00e9phone, par des rencontres visio (COVID).\",\"breadcrumb\":{\"@id\":\"https:\\\/\\\/plein-jour.eu\\\/wordpress\\\/#breadcrumb\"},\"inLanguage\":\"fr-FR\",\"potentialAction\":[{\"@type\":\"ReadAction\",\"target\":[\"https:\\\/\\\/plein-jour.eu\\\/wordpress\\\/\"]}]},{\"@type\":\"ImageObject\",\"inLanguage\":\"fr-FR\",\"@id\":\"https:\\\/\\\/plein-jour.eu\\\/wordpress\\\/#primaryimage\",\"url\":\"https:\\\/\\\/plein-jour.eu\\\/wordpress\\\/wp-content\\\/uploads\\\/2013\\\/01\\\/logo_pleinjour.jpg\",\"contentUrl\":\"https:\\\/\\\/plein-jour.eu\\\/wordpress\\\/wp-content\\\/uploads\\\/2013\\\/01\\\/logo_pleinjour.jpg\",\"width\":150,\"height\":181},{\"@type\":\"BreadcrumbList\",\"@id\":\"https:\\\/\\\/plein-jour.eu\\\/wordpress\\\/#breadcrumb\",\"itemListElement\":[{\"@type\":\"ListItem\",\"position\":1,\"name\":\"Accueil\",\"item\":\"https:\\\/\\\/plein-jour.eu\\\/wordpress\\\/\"},{\"@type\":\"ListItem\",\"position\":2,\"name\":\"Bienvenue\"}]},{\"@type\":\"WebSite\",\"@id\":\"https:\\\/\\\/plein-jour.eu\\\/wordpress\\\/#website\",\"url\":\"https:\\\/\\\/plein-jour.eu\\\/wordpress\\\/\",\"name\":\"Association Plein Jour\",\"description\":\"Association de soutien pour les compagnes de Pr\u00eatres - A votre \u00e9coute au 06 84 59 06 01\",\"publisher\":{\"@id\":\"https:\\\/\\\/plein-jour.eu\\\/wordpress\\\/#organization\"},\"potentialAction\":[{\"@type\":\"SearchAction\",\"target\":{\"@type\":\"EntryPoint\",\"urlTemplate\":\"https:\\\/\\\/plein-jour.eu\\\/wordpress\\\/?s={search_term_string}\"},\"query-input\":{\"@type\":\"PropertyValueSpecification\",\"valueRequired\":true,\"valueName\":\"search_term_string\"}}],\"inLanguage\":\"fr-FR\"},{\"@type\":\"Organization\",\"@id\":\"https:\\\/\\\/plein-jour.eu\\\/wordpress\\\/#organization\",\"name\":\"Plein Jour\",\"url\":\"https:\\\/\\\/plein-jour.eu\\\/wordpress\\\/\",\"logo\":{\"@type\":\"ImageObject\",\"inLanguage\":\"fr-FR\",\"@id\":\"https:\\\/\\\/plein-jour.eu\\\/wordpress\\\/#\\\/schema\\\/logo\\\/image\\\/\",\"url\":\"https:\\\/\\\/plein-jour.eu\\\/wordpress\\\/wp-content\\\/uploads\\\/2020\\\/10\\\/Logo-coq-Plein-Jour-e1603696172827.png\",\"contentUrl\":\"https:\\\/\\\/plein-jour.eu\\\/wordpress\\\/wp-content\\\/uploads\\\/2020\\\/10\\\/Logo-coq-Plein-Jour-e1603696172827.png\",\"width\":500,\"height\":374,\"caption\":\"Plein Jour\"},\"image\":{\"@id\":\"https:\\\/\\\/plein-jour.eu\\\/wordpress\\\/#\\\/schema\\\/logo\\\/image\\\/\"}}]}<\/script>\n<!-- \/ Yoast SEO plugin. -->","yoast_head_json":{"title":"Association PLEIN JOUR - Libres d&#039;aimer","description":"Plein Jour aide les compagnes de pr\u00eatres et de religieux\u2026 et aussi leurs compagnons sous diff\u00e9rentes formes :Par l\u2019\u00e9coute par t\u00e9l\u00e9phone, par des rencontres visio (COVID).","robots":{"index":"index","follow":"follow","max-snippet":"max-snippet:-1","max-image-preview":"max-image-preview:large","max-video-preview":"max-video-preview:-1"},"canonical":"https:\/\/plein-jour.eu\/wordpress\/","og_locale":"fr_FR","og_type":"article","og_title":"Association PLEIN JOUR - Libres d&#039;aimer","og_description":"Plein Jour aide les compagnes de pr\u00eatres et de religieux\u2026 et aussi leurs compagnons sous diff\u00e9rentes formes :Par l\u2019\u00e9coute par t\u00e9l\u00e9phone, par des rencontres visio (COVID).","og_url":"https:\/\/plein-jour.eu\/wordpress\/","og_site_name":"PLEIN JOUR - Libres d&#039;aimer","article_modified_time":"2026-02-16T14:51:38+00:00","og_image":[{"url":"https:\/\/plein-jour.eu\/wordpress\/wp-content\/uploads\/2013\/01\/logo_pleinjour.jpg","type":"","width":"","height":""}],"twitter_card":"summary_large_image","twitter_misc":{"Dur\u00e9e de lecture estim\u00e9e":"1 minute"},"schema":{"@context":"https:\/\/schema.org","@graph":[{"@type":"WebPage","@id":"https:\/\/plein-jour.eu\/wordpress\/","url":"https:\/\/plein-jour.eu\/wordpress\/","name":"Association PLEIN JOUR - Libres d&#039;aimer","isPartOf":{"@id":"https:\/\/plein-jour.eu\/wordpress\/#website"},"primaryImageOfPage":{"@id":"https:\/\/plein-jour.eu\/wordpress\/#primaryimage"},"image":{"@id":"https:\/\/plein-jour.eu\/wordpress\/#primaryimage"},"thumbnailUrl":"https:\/\/plein-jour.eu\/wordpress\/wp-content\/uploads\/2013\/01\/logo_pleinjour.jpg","datePublished":"2013-03-05T18:00:44+00:00","dateModified":"2026-02-16T14:51:38+00:00","description":"Plein Jour aide les compagnes de pr\u00eatres et de religieux\u2026 et aussi leurs compagnons sous diff\u00e9rentes formes :Par l\u2019\u00e9coute par t\u00e9l\u00e9phone, par des rencontres visio (COVID).","breadcrumb":{"@id":"https:\/\/plein-jour.eu\/wordpress\/#breadcrumb"},"inLanguage":"fr-FR","potentialAction":[{"@type":"ReadAction","target":["https:\/\/plein-jour.eu\/wordpress\/"]}]},{"@type":"ImageObject","inLanguage":"fr-FR","@id":"https:\/\/plein-jour.eu\/wordpress\/#primaryimage","url":"https:\/\/plein-jour.eu\/wordpress\/wp-content\/uploads\/2013\/01\/logo_pleinjour.jpg","contentUrl":"https:\/\/plein-jour.eu\/wordpress\/wp-content\/uploads\/2013\/01\/logo_pleinjour.jpg","width":150,"height":181},{"@type":"BreadcrumbList","@id":"https:\/\/plein-jour.eu\/wordpress\/#breadcrumb","itemListElement":[{"@type":"ListItem","position":1,"name":"Accueil","item":"https:\/\/plein-jour.eu\/wordpress\/"},{"@type":"ListItem","position":2,"name":"Bienvenue"}]},{"@type":"WebSite","@id":"https:\/\/plein-jour.eu\/wordpress\/#website","url":"https:\/\/plein-jour.eu\/wordpress\/","name":"Association Plein Jour","description":"Association de soutien pour les compagnes de Pr\u00eatres - A votre \u00e9coute au 06 84 59 06 01","publisher":{"@id":"https:\/\/plein-jour.eu\/wordpress\/#organization"},"potentialAction":[{"@type":"SearchAction","target":{"@type":"EntryPoint","urlTemplate":"https:\/\/plein-jour.eu\/wordpress\/?s={search_term_string}"},"query-input":{"@type":"PropertyValueSpecification","valueRequired":true,"valueName":"search_term_string"}}],"inLanguage":"fr-FR"},{"@type":"Organization","@id":"https:\/\/plein-jour.eu\/wordpress\/#organization","name":"Plein Jour","url":"https:\/\/plein-jour.eu\/wordpress\/","logo":{"@type":"ImageObject","inLanguage":"fr-FR","@id":"https:\/\/plein-jour.eu\/wordpress\/#\/schema\/logo\/image\/","url":"https:\/\/plein-jour.eu\/wordpress\/wp-content\/uploads\/2020\/10\/Logo-coq-Plein-Jour-e1603696172827.png","contentUrl":"https:\/\/plein-jour.eu\/wordpress\/wp-content\/uploads\/2020\/10\/Logo-coq-Plein-Jour-e1603696172827.png","width":500,"height":374,"caption":"Plein Jour"},"image":{"@id":"https:\/\/plein-jour.eu\/wordpress\/#\/schema\/logo\/image\/"}}]}},"jetpack_sharing_enabled":true,"_links":{"self":[{"href":"https:\/\/plein-jour.eu\/wordpress\/wp-json\/wp\/v2\/pages\/4","targetHints":{"allow":["GET"]}}],"collection":[{"href":"https:\/\/plein-jour.eu\/wordpress\/wp-json\/wp\/v2\/pages"}],"about":[{"href":"https:\/\/plein-jour.eu\/wordpress\/wp-json\/wp\/v2\/types\/page"}],"author":[{"embeddable":true,"href":"https:\/\/plein-jour.eu\/wordpress\/wp-json\/wp\/v2\/users\/1"}],"replies":[{"embeddable":true,"href":"https:\/\/plein-jour.eu\/wordpress\/wp-json\/wp\/v2\/comments?post=4"}],"version-history":[{"count":0,"href":"https:\/\/plein-jour.eu\/wordpress\/wp-json\/wp\/v2\/pages\/4\/revisions"}],"wp:attachment":[{"href":"https:\/\/plein-jour.eu\/wordpress\/wp-json\/wp\/v2\/media?parent=4"}],"curies":[{"name":"wp","href":"https:\/\/api.w.org\/{rel}","templated":true}]}}